{"id":5708,"date":"2021-10-21T12:22:52","date_gmt":"2021-10-21T12:22:52","guid":{"rendered":"http:\/\/dummy.xtemos.com\/woodmart2\/elementor\/?page_id=5708"},"modified":"2025-04-14T07:40:12","modified_gmt":"2025-04-14T07:40:12","slug":"anasayfa","status":"publish","type":"page","link":"https:\/\/www.x-raycihazi.com\/","title":{"rendered":"Anasayfa"},"content":{"rendered":"<h4>T\u00fcrkiye\u2019nin Resmi HISSCO Distrib\u00fct\u00f6r\u00fc \u2013 M\u0130DAS KURUMSAL<\/h4>\n<h4>En \u0130yi X-RAY Cihazlar\u0131 ile G\u00fcvenli\u011finiz Emin Ellerde<\/h4>\n<p>En yeni <strong data-start=\"168\" data-end=\"194\">HISSCO X-Ray cihazlar\u0131<\/strong>, ileri m\u00fchendislik ve modern tasar\u0131m\u0131 bir araya getirerek <strong data-start=\"253\" data-end=\"274\">maksimum g\u00fcvenlik<\/strong> sa\u011flar. Havalimanlar\u0131ndan kritik altyap\u0131lara, al\u0131\u015fveri\u015f merkezlerinden devlet kurumlar\u0131na kadar geni\u015f kullan\u0131m alan\u0131na sahip bu yenilik\u00e7i sistemler, her taramada <strong data-start=\"437\" data-end=\"480\">\u00fcst\u00fcn performans ve kesintisiz g\u00fcvenlik<\/strong> sunar.<\/p>\n<p><a href=\"https:\/\/www.hisscoint.com.tr\/\"><br \/>\n\u0130NCELE<br \/>\n<\/a><br \/>\n<a href=\"https:\/\/www.hisscoint.com.tr\/\"><br \/>\n\u0130LET\u0130\u015e\u0130M<br \/>\n<\/a><br \/>\n<img fetchpriority=\"high\" decoding=\"async\" src=\"https:\/\/www.x-raycihazi.com\/wp-content\/uploads\/2025\/02\/HS-6040DV3.png\" sizes=\"(max-width: 660px) 100vw, 660px\" srcset=\"https:\/\/www.x-raycihazi.com\/wp-content\/uploads\/2025\/02\/HS-6040DV3.png 660w, https:\/\/www.x-raycihazi.com\/wp-content\/uploads\/2025\/02\/HS-6040DV3-300x300.png 300w, https:\/\/www.x-raycihazi.com\/wp-content\/uploads\/2025\/02\/HS-6040DV3-150x150.png 150w, https:\/\/www.x-raycihazi.com\/wp-content\/uploads\/2025\/02\/HS-6040DV3-430x430.png 430w\" alt=\"\" width=\"660\" height=\"660\" \/> &#8221; 0 &#8221;<\/p>\n<h4 class=\"info-box-title title box-title-style-default wd-fontsize-xl\" data-elementor-setting-key=\"title\">Radyasyon<\/h4>\n<p><strong data-start=\"386\" data-end=\"411\">0 radyasyon s\u0131z\u0131nt\u0131s\u0131<\/strong> ile operat\u00f6rler ve yolcular i\u00e7in <strong data-start=\"445\" data-end=\"468\">tam g\u00fcvenlik sa\u011flar<\/strong>.<\/p>\n<p>%100<\/p>\n<h4 class=\"info-box-title title box-title-style-default wd-fontsize-xl\" data-elementor-setting-key=\"title\">G\u00fcvenli Tarama<\/h4>\n<p>HISSCO X-Ray cihazlar\u0131, <strong data-start=\"299\" data-end=\"344\">\u00e7evreye ve insan sa\u011fl\u0131\u011f\u0131na zarar vermeyen<\/strong> \u00f6zel koruma sistemleriyle donat\u0131lm\u0131\u015ft\u0131r.<\/p>\n<p>%99<\/p>\n<h4 class=\"info-box-title title box-title-style-default wd-fontsize-xl\" data-elementor-setting-key=\"title\">Do\u011fruluk<\/h4>\n<p>Daha h\u0131zl\u0131 ge\u00e7i\u015f <strong data-start=\"1034\" data-end=\"1059\">%99 do\u011fruluk oran\u0131yla<\/strong> tespit.<\/p>\n<p><img decoding=\"async\" src=\"https:\/\/www.x-raycihazi.com\/wp-content\/uploads\/2025\/02\/hsssr6040-e1740746163157.png\" sizes=\"(max-width: 660px) 100vw, 660px\" srcset=\"https:\/\/www.x-raycihazi.com\/wp-content\/uploads\/2025\/02\/hsssr6040-e1740746163157.png 660w, https:\/\/www.x-raycihazi.com\/wp-content\/uploads\/2025\/02\/hsssr6040-e1740746163157-400x245.png 400w, https:\/\/www.x-raycihazi.com\/wp-content\/uploads\/2025\/02\/hsssr6040-e1740746163157-430x264.png 430w, https:\/\/www.x-raycihazi.com\/wp-content\/uploads\/2025\/02\/hsssr6040-e1740746163157-150x92.png 150w\" alt=\"\" width=\"660\" height=\"405\" \/> HISSCO ile Tarama Net, Sonu\u00e7 Kesin!<\/p>\n<h4>HISSCO X-Ray<br \/>\n\u00dcst\u00fcn G\u00fcvenlik, Benzersiz Kalite<\/h4>\n<p>G\u00fcvenlik teknolojilerinde <strong>kalite ve g\u00fcvenilirlik<\/strong> her \u015feyden \u00f6nce gelir. <strong>HISSCO X-Ray cihazlar\u0131<\/strong>, piyasadaki en d\u00fc\u015f\u00fck radyasyon oran\u0131na sahip sistemler aras\u0131nda yer alarak <strong>insan sa\u011fl\u0131\u011f\u0131n\u0131 koruyan ve \u00e7evre dostu<\/strong> \u00e7\u00f6z\u00fcmler sunar. Geleneksel X-Ray cihazlar\u0131n\u0131n aksine, HISSCO\u2019nun geli\u015fmi\u015f teknolojiye sahip tarama sistemleri, <strong>s\u0131f\u0131r radyasyon s\u0131z\u0131nt\u0131s\u0131<\/strong> ile operat\u00f6rler ve kullan\u0131c\u0131lar i\u00e7in tamamen g\u00fcvenlidir.<\/p>\n<p>HISSCO X-Ray cihazlar\u0131, <strong data-start=\"152\" data-end=\"183\">hassasiyet, h\u0131z ve do\u011fruluk<\/strong> \u00fczerine in\u015fa edilmi\u015ftir. <strong data-start=\"209\" data-end=\"248\">Yapay zeka destekli geli\u015fmi\u015f analiz<\/strong>, her taramada <strong data-start=\"263\" data-end=\"284\">maksimum g\u00fcvenlik<\/strong> sunarken, <strong data-start=\"295\" data-end=\"324\">s\u0131f\u0131r gecikme teknolojisi<\/strong> ile ak\u0131c\u0131 bir ge\u00e7i\u015f sa\u011flar.<\/p>\n<p><img decoding=\"async\" title=\"landing-gadget-cpu\" src=\"https:\/\/www.x-raycihazi.com\/wp-content\/uploads\/2021\/10\/landing-gadget-cpu.svg\" width=\"50\" height=\"50\" \/><\/p>\n<h4 class=\"info-box-title title box-title-style-default wd-fontsize-m\" data-elementor-setting-key=\"title\">Geli\u015fmi\u015f \u0130\u015flemciler<\/h4>\n<p>Geli\u015fmi\u015f g\u00f6r\u00fcnt\u00fc i\u015fleme ve h\u0131zl\u0131 tarama i\u00e7in y\u00fcksek performansl\u0131 \u00e7ok \u00e7ekirdekli i\u015flemciler kullan\u0131l\u0131r.<\/p>\n<p><img loading=\"lazy\" decoding=\"async\" title=\"landing-gadget-ram\" src=\"https:\/\/www.x-raycihazi.com\/wp-content\/uploads\/2021\/10\/landing-gadget-ram.svg\" width=\"50\" height=\"50\" \/><\/p>\n<h4 class=\"info-box-title title box-title-style-default wd-fontsize-m\" data-elementor-setting-key=\"title\">Y\u00fcksek Bellek G\u00fcc\u00fc<\/h4>\n<p>Ger\u00e7ek zamanl\u0131 veri i\u015fleme ve h\u0131zl\u0131 sistem tepkisi i\u00e7in genellikle 8 GB veya daha y\u00fcksek kapasiteli RAM tercih edilir.<\/p>\n<p><img loading=\"lazy\" decoding=\"async\" title=\"size-guide-3\" src=\"https:\/\/www.x-raycihazi.com\/wp-content\/uploads\/2021\/08\/size-guide-3.svg\" width=\"50\" height=\"50\" \/><\/p>\n<h4 class=\"info-box-title title box-title-style-default wd-fontsize-m\" data-elementor-setting-key=\"title\">Dakikada 500-1000 Tarama<\/h4>\n<p>Dakikada 500 ila 1.000 bagaj tarama kapasitesiyle y\u00fcksek verimlilik sa\u011flar.<\/p>\n<p><img loading=\"lazy\" decoding=\"async\" title=\"landing-gadget-battary\" src=\"https:\/\/www.x-raycihazi.com\/wp-content\/uploads\/2021\/10\/landing-gadget-battary.svg\" width=\"50\" height=\"50\" \/><\/p>\n<h4 class=\"info-box-title title box-title-style-default wd-fontsize-m\" data-elementor-setting-key=\"title\">D\u00fc\u015f\u00fck G\u00fc\u00e7 T\u00fcketimi<\/h4>\n<p>Enerji verimlili\u011fi sa\u011flayan tasar\u0131mlar sayesinde, cihazlar genellikle 1.5 kW ila 3 kW aras\u0131nda g\u00fc\u00e7 t\u00fcketir.<\/p>\n<p><a href=\"https:\/\/www.hisscoint.com.tr\/\"><br \/>\n\u0130NCELE<br \/>\n<\/a><br \/>\n<a href=\"https:\/\/www.hisscoint.com.tr\/\"><br \/>\n\u0130LET\u0130\u015e\u0130M<br \/>\n<\/a><br \/>\n<img loading=\"lazy\" decoding=\"async\" src=\"https:\/\/www.x-raycihazi.com\/wp-content\/uploads\/2025\/02\/HS6040HR.png\" sizes=\"(max-width: 660px) 100vw, 660px\" srcset=\"https:\/\/www.x-raycihazi.com\/wp-content\/uploads\/2025\/02\/HS6040HR.png 660w, https:\/\/www.x-raycihazi.com\/wp-content\/uploads\/2025\/02\/HS6040HR-300x300.png 300w, https:\/\/www.x-raycihazi.com\/wp-content\/uploads\/2025\/02\/HS6040HR-150x150.png 150w, https:\/\/www.x-raycihazi.com\/wp-content\/uploads\/2025\/02\/HS6040HR-430x430.png 430w\" alt=\"\" width=\"660\" height=\"660\" \/><\/p>\n<h4>HISSCO X-Ray Teknolojisi<\/h4>\n<p>S\u0131f\u0131r Radyasyon, \u00dcst\u00fcn G\u00fcvenlik.<\/p>\n<p><img loading=\"lazy\" decoding=\"async\" title=\"landing-gadget-sequrity-fingerprint-1\" src=\"https:\/\/www.x-raycihazi.com\/wp-content\/uploads\/2021\/10\/landing-gadget-sequrity-fingerprint-1.svg\" width=\"50\" height=\"50\" \/><\/p>\n<h4 class=\"info-box-title title box-title-style-default wd-fontsize-m\" data-elementor-setting-key=\"title\">Yapay Zeka Destekli G\u00fcvenlik<\/h4>\n<p><strong data-start=\"887\" data-end=\"916\">Geli\u015fmi\u015f AI algoritmalar\u0131<\/strong> ile tehditleri otomatik tan\u0131ma ve s\u0131n\u0131fland\u0131rma<\/p>\n<p><img loading=\"lazy\" decoding=\"async\" title=\"landing-gadget-sequrity-web-1\" src=\"https:\/\/www.x-raycihazi.com\/wp-content\/uploads\/2021\/10\/landing-gadget-sequrity-web-1.svg\" width=\"50\" height=\"50\" \/><\/p>\n<h4 class=\"info-box-title title box-title-style-default wd-fontsize-m\" data-elementor-setting-key=\"title\">Geli\u015fmi\u015f G\u00fcvenlik<\/h4>\n<p><strong data-start=\"887\" data-end=\"916\">Geli\u015fmi\u015f AI algoritmalar\u0131<\/strong> ile tehditleri otomatik tan\u0131ma ve s\u0131n\u0131fland\u0131rma<\/p>\n<p><img loading=\"lazy\" decoding=\"async\" title=\"landing-gadget-sequrity-os-shild-1\" src=\"https:\/\/www.x-raycihazi.com\/wp-content\/uploads\/2021\/10\/landing-gadget-sequrity-os-shild-1.svg\" width=\"50\" height=\"50\" \/><\/p>\n<h4 class=\"info-box-title title box-title-style-default wd-fontsize-m\" data-elementor-setting-key=\"title\">OS Secure<\/h4>\n<p><strong data-start=\"424\" data-end=\"468\">Dakikada 500&#8217;den fazla tarama kapasitesi<\/strong> ile h\u0131zl\u0131 ve verimli tarama<\/p>\n<p>Mod\u00fcler ve Geni\u015fletilebilir Tasar\u0131m<\/p>\n<h4>Her Ortama Uyum Sa\u011flayan Mod\u00fcler ve Geli\u015ftirilebilir G\u00fcvenlik \u00c7\u00f6z\u00fcmleri<\/h4>\n<p>HISSCO X-Ray cihazlar\u0131, <strong>mod\u00fcler kontrol panelleri<\/strong> ile dokunmatik veya fiziksel butonlarla esnek kullan\u0131m sunar. <strong>De\u011fi\u015ftirilebilir tarama t\u00fcnelleri<\/strong>, farkl\u0131 boyutlardaki nesneler i\u00e7in uyarlanabilirken, <strong>geli\u015fmi\u015f yapay zeka algoritmalar\u0131<\/strong> sayesinde cihazlar zamanla daha ak\u0131ll\u0131 hale gelir ve s\u00fcrekli g\u00fcncellenir.<\/p>\n<p><a href=\"https:\/\/www.hisscoint.com.tr\/\"><br \/>\nDETAYLAR<br \/>\n<\/a><br \/>\n<img fetchpriority=\"high\" decoding=\"async\" src=\"https:\/\/www.x-raycihazi.com\/wp-content\/uploads\/2025\/02\/HS-6040DV3.png\" sizes=\"(max-width: 660px) 100vw, 660px\" srcset=\"https:\/\/www.x-raycihazi.com\/wp-content\/uploads\/2025\/02\/HS-6040DV3.png 660w, https:\/\/www.x-raycihazi.com\/wp-content\/uploads\/2025\/02\/HS-6040DV3-300x300.png 300w, https:\/\/www.x-raycihazi.com\/wp-content\/uploads\/2025\/02\/HS-6040DV3-150x150.png 150w, https:\/\/www.x-raycihazi.com\/wp-content\/uploads\/2025\/02\/HS-6040DV3-430x430.png 430w\" alt=\"\" width=\"660\" height=\"660\" \/><br \/>\n<img fetchpriority=\"high\" decoding=\"async\" src=\"https:\/\/www.x-raycihazi.com\/wp-content\/uploads\/2025\/02\/HS-6040DV3.png\" sizes=\"(max-width: 660px) 100vw, 660px\" srcset=\"https:\/\/www.x-raycihazi.com\/wp-content\/uploads\/2025\/02\/HS-6040DV3.png 660w, https:\/\/www.x-raycihazi.com\/wp-content\/uploads\/2025\/02\/HS-6040DV3-300x300.png 300w, https:\/\/www.x-raycihazi.com\/wp-content\/uploads\/2025\/02\/HS-6040DV3-150x150.png 150w, https:\/\/www.x-raycihazi.com\/wp-content\/uploads\/2025\/02\/HS-6040DV3-430x430.png 430w\" alt=\"\" width=\"660\" height=\"660\" \/><\/p>\n<h4>\u00d6NE \u00c7IKAN MODELLER<\/h4>\n<p>HISSCO X-Ray cihazlar\u0131, <strong data-start=\"76\" data-end=\"171\">yo\u011fun g\u00fcvenlik gerektiren alanlar i\u00e7in tasarlanm\u0131\u015f y\u00fcksek hassasiyetli tarama sistemleridir<\/strong>. <strong data-start=\"173\" data-end=\"197\">Geni\u015f kullan\u0131m alan\u0131<\/strong> sayesinde bir\u00e7ok sekt\u00f6rde etkin \u015fekilde tercih edilmektedir.<\/p>\n<p>HS6040<\/p>\n<h4 class=\"info-box-title title box-title-style-default wd-fontsize-m\" data-elementor-setting-key=\"title\">Kompakt ve G\u00fc\u00e7l\u00fc<\/h4>\n<p><strong data-start=\"650\" data-end=\"677\">\u00c7oklu g\u00f6r\u00fcnt\u00fcleme a\u00e7\u0131s\u0131<\/strong> ile \u015f\u00fcpheli nesneleri farkl\u0131 perspektiflerden analiz eder<\/p>\n<p>60x40cm<\/p>\n<h4 class=\"info-box-title title box-title-style-default wd-fontsize-m\" data-elementor-setting-key=\"title\">\u00c7ok Katmanl\u0131 Tarama<\/h4>\n<p><strong data-start=\"351\" data-end=\"399\">Y\u00fcksek \u00e7\u00f6z\u00fcn\u00fcrl\u00fckl\u00fc \u00e7ok katmanl\u0131 g\u00f6r\u00fcnt\u00fcleme<\/strong> ile detayl\u0131 analiz<\/p>\n<p><a href=\"https:\/\/www.hisscoint.com.tr\/\"><br \/>\n\u00dcR\u00dcN\u00dc \u0130NCELE<br \/>\n<\/a><br \/>\n<a href=\"https:\/\/www.hisscoint.com.tr\/\"><br \/>\n\u0130LET\u0130\u015e\u0130M<\/a><a href=\"#\"><br \/>\n<\/a><\/p>\n<h4>X-Ray Cihazlar\u0131 Hangi Maddeleri Tespit Edebilir?<\/h4>\n<p data-start=\"1102\" data-end=\"1166\">X-ray sistemleri, a\u015fa\u011f\u0131daki nesneleri ba\u015far\u0131yla alg\u0131layabilir:<\/p>\n<p data-start=\"1168\" data-end=\"1348\">\u2705 <strong data-start=\"1170\" data-end=\"1192\">Metal ve Ala\u015f\u0131mlar<\/strong> (Silahlar, b\u0131\u00e7aklar, m\u00fchimmat)<br data-start=\"1223\" data-end=\"1226\" \/>\u2705 <strong data-start=\"1228\" data-end=\"1259\">Plastik ve Organik Maddeler<\/strong> (Patlay\u0131c\u0131lar, yasakl\u0131 maddeler)<br data-start=\"1292\" data-end=\"1295\" \/>\u2705 <strong data-start=\"1297\" data-end=\"1346\">S\u0131v\u0131lar ve Jel Formundaki Tehlikeli \u0130\u00e7erikler<\/strong><\/p>\n<p data-start=\"1350\" data-end=\"1509\">HISSCO\u2019nun <strong data-start=\"1361\" data-end=\"1407\">yapay zeka destekli xray tarama sistemleri<\/strong>, \u015f\u00fcpheli nesneleri <strong data-start=\"1427\" data-end=\"1470\">renk kodlamas\u0131yla operat\u00f6rlere g\u00f6sterir<\/strong>, b\u00f6ylece h\u0131zl\u0131 karar vermeyi sa\u011flar.<\/p>\n<p><a href=\"https:\/\/www.hisscoint.com.tr\/\"><br \/>\n\u0130NCELE<br \/>\n<\/a><br \/>\n<a href=\"https:\/\/www.hisscoint.com.tr\/\"><br \/>\nDETAYLAR<br \/>\n<\/a><\/p>\n<h4>X-Ray Cihazlar\u0131 Nerelerde Kullan\u0131l\u0131r?<\/h4>\n<p data-start=\"1620\" data-end=\"1686\"><strong data-start=\"1620\" data-end=\"1645\">HISSCO xray \u00e7\u00f6z\u00fcmleri<\/strong>, a\u015fa\u011f\u0131daki alanlarda kullan\u0131lmaktad\u0131r:<\/p>\n<p data-start=\"1688\" data-end=\"1825\">\ud83d\udd38 <strong data-start=\"1691\" data-end=\"1728\">Havalimanlar\u0131 ve G\u00fcmr\u00fck Noktalar\u0131<\/strong><br data-start=\"1728\" data-end=\"1731\" \/>\ud83d\udd38 <strong data-start=\"1734\" data-end=\"1758\">AVM ve Kamu Binalar\u0131<\/strong><br data-start=\"1758\" data-end=\"1761\" \/>\ud83d\udd38 <strong data-start=\"1764\" data-end=\"1791\">Cezaevleri ve Adliyeler<\/strong><br data-start=\"1791\" data-end=\"1794\" \/>\ud83d\udd38 <strong data-start=\"1797\" data-end=\"1823\">\u00d6zel G\u00fcvenlik Alanlar\u0131<\/strong><\/p>\n<p data-start=\"1827\" data-end=\"1920\">Bu cihazlar, <strong data-start=\"1840\" data-end=\"1895\">tehditleri erken tespit etmek ve g\u00fcvenli\u011fi sa\u011flamak<\/strong> i\u00e7in kritik rol oynar.<\/p>\n<p><a href=\"https:\/\/www.hisscoint.com.tr\/\"><br \/>\n\u0130NCELE<br \/>\n<\/a><br \/>\n<a href=\"https:\/\/www.hisscoint.com.tr\/\"><br \/>\nDETAYLAR<br \/>\n<\/a><\/p>\n<h4>X-Ray Cihazlar\u0131n\u0131n Do\u011fruluk Oran\u0131 Nedir?<\/h4>\n<p data-start=\"2058\" data-end=\"2186\"><strong data-start=\"2058\" data-end=\"2173\">HISSCO x-ray cihazlar\u0131, %99.8 do\u011fruluk oran\u0131na sahip geli\u015fmi\u015f yapay zeka destekli analiz sistemleriyle \u00e7al\u0131\u015f\u0131r.<\/strong> Bu sayede:<\/p>\n<p data-start=\"2188\" data-end=\"2387\">\u2714 <strong data-start=\"2190\" data-end=\"2246\">Yanl\u0131\u015f pozitif oran\u0131 minimum seviyeye indirilmi\u015ftir.<\/strong><br data-start=\"2246\" data-end=\"2249\" \/>\u2714 <strong data-start=\"2251\" data-end=\"2304\">\u015e\u00fcpheli nesneler, farkl\u0131 a\u00e7\u0131lardan analiz edilir.<\/strong><br data-start=\"2304\" data-end=\"2307\" \/>\u2714 <strong data-start=\"2309\" data-end=\"2385\">G\u00f6r\u00fcnt\u00fc i\u015fleme teknolojisi sayesinde en k\u00fc\u00e7\u00fck detaylar bile fark edilir.<\/strong><\/p>\n<h4>X-Ray Cihaz\u0131 Sat\u0131n Al\u0131rken Nelere Dikkat Etmelisiniz?<\/h4>\n<p data-start=\"77\" data-end=\"270\"><strong data-start=\"81\" data-end=\"124\">Do\u011fruluk Oran\u0131 ve G\u00fcvenlik Standartlar\u0131<\/strong><br data-start=\"124\" data-end=\"127\" \/>\u2714 <strong data-start=\"132\" data-end=\"156\">%99.8 do\u011fruluk oran\u0131<\/strong> sunan modelleri tercih edin.<br data-start=\"185\" data-end=\"188\" \/>\u2714 <strong data-start=\"193\" data-end=\"258\">ISO, CE ve TSA gibi uluslararas\u0131 sertifikalara sahip cihazlar<\/strong> kullan\u0131n.<\/p>\n<p data-start=\"272\" data-end=\"479\"><strong data-start=\"276\" data-end=\"311\">Teknik Destek ve Garanti S\u00fcresi<\/strong><br data-start=\"311\" data-end=\"314\" \/>\u2714 <strong data-start=\"319\" data-end=\"385\">5 y\u0131l garantili ve h\u0131zl\u0131 servis deste\u011fi sunan markalar\u0131 se\u00e7in.<\/strong><br data-start=\"385\" data-end=\"388\" \/>\u2714 <strong data-start=\"393\" data-end=\"477\">Par\u00e7a tedari\u011fi kolay ve yaz\u0131l\u0131m g\u00fcncellemesi yap\u0131labilen sistemleri tercih edin.<\/strong><\/p>\n<p data-start=\"481\" data-end=\"682\"><strong data-start=\"485\" data-end=\"513\">Fiyat-Performans Dengesi<\/strong><br data-start=\"513\" data-end=\"516\" \/>\u2714 <strong data-start=\"521\" data-end=\"602\">G\u00fc\u00e7 t\u00fcketimi d\u00fc\u015f\u00fck, y\u00fcksek \u00e7\u00f6z\u00fcn\u00fcrl\u00fckl\u00fc tarama sunan cihazlar\u0131 de\u011ferlendirin.<\/strong><br data-start=\"602\" data-end=\"605\" \/>\u2714 <strong data-start=\"610\" data-end=\"680\">B\u00fct\u00e7eye uygun, uzun vadeli yat\u0131r\u0131m sa\u011flayan markalar\u0131 tercih edin.<\/strong><\/p>\n","protected":false},"excerpt":{"rendered":"<p>T\u00fcrkiye\u2019nin Resmi HISSCO Distrib\u00fct\u00f6r\u00fc \u2013 M\u0130DAS KURUMSAL En \u0130yi X-RAY Cihazlar\u0131 ile G\u00fcvenli\u011finiz Emin Ellerde En yeni HISSCO X-Ray cihazlar\u0131,<\/p>\n","protected":false},"author":1,"featured_media":0,"parent":0,"menu_order":0,"comment_status":"closed","ping_status":"closed","template":"","meta":{"om_disable_all_campaigns":false,"_monsterinsights_skip_tracking":false,"_monsterinsights_sitenote_active":false,"_monsterinsights_sitenote_note":"","_monsterinsights_sitenote_category":0,"footnotes":""},"class_list":["post-5708","page","type-page","status-publish","hentry"],"aioseo_notices":[],"_links":{"self":[{"href":"https:\/\/www.x-raycihazi.com\/index.php?rest_route=\/wp\/v2\/pages\/5708","targetHints":{"allow":["GET"]}}],"collection":[{"href":"https:\/\/www.x-raycihazi.com\/index.php?rest_route=\/wp\/v2\/pages"}],"about":[{"href":"https:\/\/www.x-raycihazi.com\/index.php?rest_route=\/wp\/v2\/types\/page"}],"author":[{"embeddable":true,"href":"https:\/\/www.x-raycihazi.com\/index.php?rest_route=\/wp\/v2\/users\/1"}],"replies":[{"embeddable":true,"href":"https:\/\/www.x-raycihazi.com\/index.php?rest_route=%2Fwp%2Fv2%2Fcomments&post=5708"}],"version-history":[{"count":168,"href":"https:\/\/www.x-raycihazi.com\/index.php?rest_route=\/wp\/v2\/pages\/5708\/revisions"}],"predecessor-version":[{"id":15816,"href":"https:\/\/www.x-raycihazi.com\/index.php?rest_route=\/wp\/v2\/pages\/5708\/revisions\/15816"}],"wp:attachment":[{"href":"https:\/\/www.x-raycihazi.com\/index.php?rest_route=%2Fwp%2Fv2%2Fmedia&parent=5708"}],"curies":[{"name":"wp","href":"https:\/\/api.w.org\/{rel}","templated":true}]}}